{"id":998,"date":"2021-09-16T09:32:31","date_gmt":"2021-09-16T09:32:31","guid":{"rendered":"https:\/\/platosvivaz.com\/estas-seguro-de-que-ese-plato-de-tiro-es-ecologico\/"},"modified":"2021-09-16T10:26:27","modified_gmt":"2021-09-16T10:26:27","slug":"are-you-sure-the-targets-you-are-shooting-are-environmentally-friendly","status":"publish","type":"page","link":"https:\/\/platosvivaz.com\/en\/are-you-sure-the-targets-you-are-shooting-are-environmentally-friendly\/","title":{"rendered":"ARE YOU SURE THAT SHOOTING CLAY TARGET IS ENVIRONMENTALLY FRIENDLY?"},"content":{"rendered":"<p>[vc_row content_placement=&#8221;middle&#8221; wrap_container=&#8221;yes&#8221; el_id=&#8221;inicio&#8221; css=&#8221;.vc_custom_1630233885115{padding-top: 70px !important;padding-bottom: 95px !important;}&#8221; el_class=&#8221;position-relative&#8221;][vc_column el_class=&#8221;position-static&#8221;][vc_row_inner el_class=&#8221;align-items-center&#8221;][vc_column_inner el_class=&#8221;pt-4 pt-lg-0 mt-5 mt-lg-0 mb-5 mb-lg-0&#8243; offset=&#8221;vc_col-md-6&#8243;][vc_single_image image=&#8221;386&#8243; img_size=&#8221;full&#8221; alignment=&#8221;center&#8221;]<div class=\"porto-animation \" data-appear-animation=\"fadeInUp\" data-appear-animation-delay=\"400\">[vc_custom_heading text=&#8221;<strong>ARE YOU SURE THAT SHOOTING CLAY TARGET IS ENVIRONMENTALLY FRIENDLY? <\/strong>&#8221; font_container=&#8221;tag:h1|text_align:left&#8221; use_theme_fonts=&#8221;yes&#8221; font_weight=&#8221;200&#8243; animation_delay=&#8221;400&#8243; floating_start_pos=&#8221;none&#8221; floating_speed=&#8221;1&#8243; el_class=&#8221;mb-4 mb-md-0 mb-xl-3&#8243;]<\/div><div class=\"porto-animation \" data-appear-animation=\"fadeInUp\" data-appear-animation-delay=\"400\">[vc_custom_heading text=&#8221;The guide where you will learn everything you need to know <strong>so that you don&#8217;t get \u201ctaken for a ride\u201d when buying your ECO-FRIENDLY shooting clay targets<\/strong>.&#8221; font_container=&#8221;tag:h2|text_align:center&#8221; use_theme_fonts=&#8221;yes&#8221; font_weight=&#8221;200&#8243; animation_delay=&#8221;400&#8243; floating_start_pos=&#8221;none&#8221; floating_speed=&#8221;1&#8243;]<\/div>[\/vc_column_inner][vc_column_inner animation_delay=&#8221;550&#8243; offset=&#8221;vc_col-md-6&#8243; animation_type=&#8221;fadeInLeft&#8221;][vc_single_image image=&#8221;1003&#8243; img_size=&#8221;full&#8221; floating_start_pos=&#8221;none&#8221; floating_speed=&#8221;8&#8243; floating_horizontal=&#8221;yes&#8221; el_class=&#8221;mb-0 mt-5&#8243; label=&#8221;&#8221;][\/vc_column_inner][\/vc_row_inner][\/vc_column][\/vc_row][vc_row content_placement=&#8221;middle&#8221; disable_element=&#8221;yes&#8221; wrap_container=&#8221;yes&#8221; is_section=&#8221;yes&#8221; section_skin=&#8221;parallax&#8221; remove_margin_top=&#8221;yes&#8221; remove_border=&#8221;yes&#8221; css=&#8221;.vc_custom_1614793107617{background-color: #e5f6fb !important;}&#8221;][vc_column offset=&#8221;vc_col-md-3&#8243;][vc_custom_heading text=&#8221;Rellene el formulario y le llamamos&#8221; font_container=&#8221;tag:h2|font_size:25|text_align:left|line_height:32px&#8221; use_theme_fonts=&#8221;yes&#8221; font_weight=&#8221;600&#8243; animation_delay=&#8221;1000&#8243; animation_type=&#8221;fadeInLeft&#8221; el_class=&#8221;mb-3 mb-lg-0&#8243;][\/vc_column][vc_column offset=&#8221;vc_col-md-9&#8243;]<p class=\"wpcf7-contact-form-not-found\"><strong>Error:<\/strong> Contact form not found.<\/p>[\/vc_column][\/vc_row][vc_row full_width=&#8221;stretch_row_content_no_spaces&#8221; content_placement=&#8221;middle&#8221; wrap_container=&#8221;yes&#8221; is_section=&#8221;yes&#8221; section_skin=&#8221;parallax&#8221; remove_margin_top=&#8221;yes&#8221; remove_border=&#8221;yes&#8221; css=&#8221;.vc_custom_1614792994721{background-color: #e5f6fb !important;}&#8221;][vc_column offset=&#8221;vc_col-lg-12 vc_col-md-3&#8243;][vc_custom_heading text=&#8221;Download it here:&#8221; font_container=&#8221;tag:h2|text_align:center&#8221; use_theme_fonts=&#8221;yes&#8221; font_weight=&#8221;200&#8243; animation_delay=&#8221;400&#8243; floating_start_pos=&#8221;none&#8221; floating_speed=&#8221;1&#8243; css=&#8221;.vc_custom_1631786844463{margin-bottom: 30px !important;}&#8221;][vc_empty_space]\n<div class=\"wpcf7 no-js\" id=\"wpcf7-f968-o1\" lang=\"es-ES\" dir=\"ltr\" data-wpcf7-id=\"968\">\n<div class=\"screen-reader-response\"><p role=\"status\" aria-live=\"polite\" aria-atomic=\"true\"><\/p> <ul><\/ul><\/div>\n<form action=\"\/en\/wp-json\/wp\/v2\/pages\/998#wpcf7-f968-o1\" method=\"post\" class=\"wpcf7-form init\" aria-label=\"Formulario de contacto\" novalidate=\"novalidate\" data-status=\"init\">\n<fieldset class=\"hidden-fields-container\"><input type=\"hidden\" name=\"_wpcf7\" value=\"968\" \/><input type=\"hidden\" name=\"_wpcf7_version\" value=\"6.1.4\" \/><input type=\"hidden\" name=\"_wpcf7_locale\" value=\"es_ES\" \/><input type=\"hidden\" name=\"_wpcf7_unit_tag\" value=\"wpcf7-f968-o1\" \/><input type=\"hidden\" name=\"_wpcf7_container_post\" value=\"0\" \/><input type=\"hidden\" name=\"_wpcf7_posted_data_hash\" value=\"\" \/><input type=\"hidden\" name=\"_wpcf7_recaptcha_response\" value=\"\" \/>\n<\/fieldset>\n<div class=\"row m-r-n-sm m-l-n-sm\">\n\t<div class=\"form-group col-lg-6 p-l-sm p-r-sm\" >\n\t\t<p><span class=\"wpcf7-form-control-wrap\" data-name=\"your-name\"><input size=\"40\" maxlength=\"400\" class=\"wpcf7-form-control wpcf7-text wpcf7-validates-as-required form-control\" aria-required=\"true\" aria-invalid=\"false\" placeholder=\"Name\" value=\"\" type=\"text\" name=\"your-name\" \/><\/span>\n\t\t<\/p>\n\t<\/div>\n\t<div class=\"form-group col-lg-6 p-l-sm p-r-sm\">\n\t\t<p><span class=\"wpcf7-form-control-wrap\" data-name=\"your-email\"><input size=\"40\" maxlength=\"400\" class=\"wpcf7-form-control wpcf7-email wpcf7-validates-as-required wpcf7-text wpcf7-validates-as-email form-control\" aria-required=\"true\" aria-invalid=\"false\" placeholder=\"E-Mail\" value=\"\" type=\"email\" name=\"your-email\" \/><\/span>\n\t\t<\/p>\n\t<\/div>\n<\/div>\n<div class=\"form-group\">\n\t<p>What type of user are you?: : <span class=\"wpcf7-form-control-wrap\" data-name=\"Tipo_de_usuario\"><select class=\"wpcf7-form-control wpcf7-select wpcf7-validates-as-required form-control\" aria-required=\"true\" aria-invalid=\"false\" name=\"Tipo_de_usuario\"><option value=\"\">&#8212;Por favor, elige una opci\u00f3n&#8212;<\/option><option value=\"Shooting club\">Shooting club<\/option><option value=\"Gun shop\">Gun shop<\/option><option value=\"Particular\">Particular<\/option><\/select><\/span>\n\t<\/p>\n<\/div>\n<div class=\"form-group\" align=\"center\">\n\t<p><input class=\"wpcf7-form-control wpcf7-submit has-spinner btn btn-borders btn-lg btn-primary font-size-md font-weight-bold px4\" type=\"submit\" value=\"DOWNLOAD GUIDE\" \/>\n\t<\/p>\n<\/div><p style=\"display: none !important;\"><label>&#916;<textarea name=\"_wpcf7_ak_hp_textarea\" cols=\"45\" rows=\"8\" maxlength=\"100\"><\/textarea><\/label><input type=\"hidden\" id=\"ak_js_1\" name=\"_wpcf7_ak_js\" value=\"206\"\/><script>document.getElementById( \"ak_js_1\" ).setAttribute( \"value\", ( new Date() ).getTime() );<\/script><\/p><input type='hidden' class='wpcf7-pum' value='{\"closepopup\":false,\"closedelay\":0,\"openpopup\":false,\"openpopup_id\":0}' \/><div class=\"wpcf7-response-output\" aria-hidden=\"true\"><\/div>\n<\/form>\n<\/div>\n[\/vc_column][\/vc_row][vc_row full_width=&#8221;stretch_row&#8221; disable_element=&#8221;yes&#8221; css=&#8221;.vc_custom_1631785252418{background-color: #f5f5f5 !important;}&#8221;][vc_column][vc_custom_heading text=&#8221;Tu pasi\u00f3n por el deporte del tiro al plato \u00bfte ha hecho plantearte alguna vez la posibilidad de poner en marcha y gestionar tu propio club de tiro?&#8221; font_container=&#8221;tag:h2|text_align:center&#8221; use_theme_fonts=&#8221;yes&#8221; font_weight=&#8221;200&#8243; animation_delay=&#8221;400&#8243; floating_start_pos=&#8221;none&#8221; floating_speed=&#8221;1&#8243;][vc_custom_heading text=&#8221;\u00bfYa eres propietario de uno y su gesti\u00f3n te trae de cabeza?&#8221; font_container=&#8221;tag:h2|text_align:center&#8221; use_theme_fonts=&#8221;yes&#8221; font_weight=&#8221;200&#8243; animation_delay=&#8221;400&#8243; floating_start_pos=&#8221;none&#8221; floating_speed=&#8221;1&#8243;][vc_custom_heading text=&#8221;Poner en marcha cualquier negocio no es tarea f\u00e1cil. Poner en marcha un club de tiro y encargarse de su gesti\u00f3n, a\u00fan menos.&#8221; font_container=&#8221;tag:h2|text_align:center&#8221; use_theme_fonts=&#8221;yes&#8221; font_weight=&#8221;200&#8243; animation_delay=&#8221;400&#8243; floating_start_pos=&#8221;none&#8221; floating_speed=&#8221;1&#8243;][vc_empty_space height=&#8221;40px&#8221;][vc_empty_space height=&#8221;40px&#8221;][vc_empty_space height=&#8221;40px&#8221;][\/vc_column][\/vc_row][vc_row content_placement=&#8221;middle&#8221; wrap_container=&#8221;yes&#8221; css=&#8221;.vc_custom_1631785236925{padding-top: 72px !important;padding-bottom: 72px !important;}&#8221; el_id=&#8221;vivaz&#8221;][vc_column offset=&#8221;vc_col-md-5&#8243; el_class=&#8221;mb-4 mb-md-5 mb-lg-0 porto-vc-frontend-fix&#8221;][vc_single_image image=&#8221;986&#8243; img_size=&#8221;full&#8221; alignment=&#8221;center&#8221; animation_delay=&#8221;500&#8243; animation_type=&#8221;fadeInRight&#8221; el_class=&#8221;mb-0&#8243;][\/vc_column][vc_column offset=&#8221;vc_col-md-7&#8243; el_class=&#8221;pl-lg-5&#8243;][vc_custom_heading text=&#8221;And find out:&#8221; use_theme_fonts=&#8221;yes&#8221; font_weight=&#8221;200&#8243; animation_delay=&#8221;400&#8243; floating_start_pos=&#8221;none&#8221; floating_speed=&#8221;1&#8243; css=&#8221;.vc_custom_1631787676198{margin-bottom: 45px !important;}&#8221;]<div class=\"porto-sicon-box style_1 default-icon\"><div class=\"porto-sicon-default\"><div id=\"porto-icon-75688010069e0d4d60b13e\" class=\"porto-just-icon-wrapper\" style=\"text-align:center;\"><div class=\"porto-icon none\" data-appear-animation=\"fadeInUp\" style=\"color:#34552d;font-size:32px;display:inline-block;\"><i class=\"fas fa-angle-double-right\"><\/i><\/div><\/div><\/div><div class=\"porto-sicon-header\"><h3 class=\"porto-sicon-title\" style=\"\">Why some manufacturers claim their targets are environmentally friendly when they aren\u2019t.<\/h3><\/div> <!-- header --><\/div><!-- porto-sicon-box --><div class=\"porto-sicon-box style_1 default-icon\"><div class=\"porto-sicon-default\"><div id=\"porto-icon-146664415869e0d4d60b6f6\" class=\"porto-just-icon-wrapper\" style=\"text-align:center;\"><div class=\"porto-icon none\" data-appear-animation=\"fadeInUp\" style=\"color:#34552d;font-size:32px;display:inline-block;\"><i class=\"fas fa-angle-double-right\"><\/i><\/div><\/div><\/div><div class=\"porto-sicon-header\"><h3 class=\"porto-sicon-title\" style=\"\">What the European Union has to say about it.<\/h3><\/div> <!-- header --><\/div><!-- porto-sicon-box --><div class=\"porto-sicon-box style_1 default-icon\"><div class=\"porto-sicon-default\"><div id=\"porto-icon-188524705369e0d4d60bbf3\" class=\"porto-just-icon-wrapper\" style=\"text-align:center;\"><div class=\"porto-icon none\" data-appear-animation=\"fadeInUp\" style=\"color:#34552d;font-size:32px;display:inline-block;\"><i class=\"fas fa-angle-double-right\"><\/i><\/div><\/div><\/div><div class=\"porto-sicon-header\"><h3 class=\"porto-sicon-title\" style=\"\">What types of targets are used in the Olympic Games and why.<\/h3><\/div> <!-- header --><\/div><!-- porto-sicon-box --><div class=\"porto-sicon-box style_1 default-icon\"><div class=\"porto-sicon-default\"><div id=\"porto-icon-56343644069e0d4d60c0fd\" class=\"porto-just-icon-wrapper\" style=\"text-align:center;\"><div class=\"porto-icon none\" data-appear-animation=\"fadeInUp\" style=\"color:#34552d;font-size:32px;display:inline-block;\"><i class=\"fas fa-angle-double-right\"><\/i><\/div><\/div><\/div><div class=\"porto-sicon-header\"><h3 class=\"porto-sicon-title\" style=\"\">Why Vivaz targets ARE environmentally friendly.<\/h3><\/div> <!-- header --><\/div><!-- porto-sicon-box -->[\/vc_column][\/vc_row][vc_row disable_element=&#8221;yes&#8221;][vc_column][vc_message message_box_style=&#8221;3d&#8221; message_box_color=&#8221;alert-warning&#8221;]<\/p>\n<p style=\"text-align: center;\"><span style=\"font-size: 21px;\"><strong>Este manual de buenas pr\u00e1cticas es todo lo que necesitas para disponer de todas las claves necesarias para gestionar un club de tiro con \u00e9xito \ud83d\ude09 \ud83d\ude09<\/strong><\/span><\/p>\n<p>[\/vc_message][\/vc_column][\/vc_row]<\/p>\n","protected":false},"excerpt":{"rendered":"<p>[vc_row content_placement=&#8221;middle&#8221; wrap_container=&#8221;yes&#8221; el_id=&#8221;inicio&#8221; css=&#8221;.vc_custom_1630233885115{padding-top: 70px !important;padding-bottom: 95px !important;}&#8221; el_class=&#8221;position-relative&#8221;][vc_column el_class=&#8221;position-static&#8221;][vc_row_inner el_class=&#8221;align-items-center&#8221;][vc_column_inner el_class=&#8221;pt-4 pt-lg-0 mt-5 mt-lg-0 mb-5 mb-lg-0&#8243; offset=&#8221;vc_col-md-6&#8243;][vc_single_image image=&#8221;386&#8243; img_size=&#8221;full&#8221; alignment=&#8221;center&#8221;][\/vc_column_inner][vc_column_inner animation_delay=&#8221;550&#8243; offset=&#8221;vc_col-md-6&#8243; animation_type=&#8221;fadeInLeft&#8221;][vc_single_image image=&#8221;1003&#8243; img_size=&#8221;full&#8221; floating_start_pos=&#8221;none&#8221; floating_speed=&#8221;8&#8243; floating_horizontal=&#8221;yes&#8221; el_class=&#8221;mb-0 mt-5&#8243; label=&#8221;&#8221;][\/vc_column_inner][\/vc_row_inner][\/vc_column][\/vc_row][vc_row content_placement=&#8221;middle&#8221; disable_element=&#8221;yes&#8221; wrap_container=&#8221;yes&#8221; is_section=&#8221;yes&#8221; section_skin=&#8221;parallax&#8221; remove_margin_top=&#8221;yes&#8221; remove_border=&#8221;yes&#8221; css=&#8221;.vc_custom_1614793107617{background-color: #e5f6fb !important;}&#8221;][vc_column offset=&#8221;vc_col-md-3&#8243;][vc_custom_heading text=&#8221;Rellene el formulario y le llamamos&#8221; font_container=&#8221;tag:h2|font_size:25|text_align:left|line_height:32px&#8221; use_theme_fonts=&#8221;yes&#8221; font_weight=&#8221;600&#8243; animation_delay=&#8221;1000&#8243; animation_type=&#8221;fadeInLeft&#8221; [&hellip;]<\/p>\n","protected":false},"author":1,"featured_media":0,"parent":0,"menu_order":0,"comment_status":"closed","ping_status":"closed","template":"","meta":{"footnotes":""},"class_list":["post-998","page","type-page","status-publish","hentry"],"yoast_head":"<!-- This site is optimized with the Yoast SEO plugin v26.8 - https:\/\/yoast.com\/product\/yoast-seo-wordpress\/ -->\n<title>ARE YOU SURE THAT SHOOTING CLAY TARGET IS ENVIRONMENTALLY FRIENDLY? - Platos de tiro Vivaz<\/title>\n<meta name=\"robots\" content=\"index, follow, max-snippet:-1, max-image-preview:large, max-video-preview:-1\" \/>\n<link rel=\"canonical\" href=\"https:\/\/platosvivaz.com\/en\/are-you-sure-the-targets-you-are-shooting-are-environmentally-friendly\/\" \/>\n<meta property=\"og:locale\" content=\"en_US\" \/>\n<meta property=\"og:type\" content=\"article\" \/>\n<meta property=\"og:title\" content=\"ARE YOU SURE THAT SHOOTING CLAY TARGET IS ENVIRONMENTALLY FRIENDLY? - Platos de tiro Vivaz\" \/>\n<meta property=\"og:description\" content=\"[vc_row content_placement=&#8221;middle&#8221; wrap_container=&#8221;yes&#8221; el_id=&#8221;inicio&#8221; css=&#8221;.vc_custom_1630233885115{padding-top: 70px !important;padding-bottom: 95px !important;}&#8221; el_class=&#8221;position-relative&#8221;][vc_column el_class=&#8221;position-static&#8221;][vc_row_inner el_class=&#8221;align-items-center&#8221;][vc_column_inner el_class=&#8221;pt-4 pt-lg-0 mt-5 mt-lg-0 mb-5 mb-lg-0&#8243; offset=&#8221;vc_col-md-6&#8243;][vc_single_image image=&#8221;386&#8243; img_size=&#8221;full&#8221; alignment=&#8221;center&#8221;][\/vc_column_inner][vc_column_inner animation_delay=&#8221;550&#8243; offset=&#8221;vc_col-md-6&#8243; animation_type=&#8221;fadeInLeft&#8221;][vc_single_image image=&#8221;1003&#8243; img_size=&#8221;full&#8221; floating_start_pos=&#8221;none&#8221; floating_speed=&#8221;8&#8243; floating_horizontal=&#8221;yes&#8221; el_class=&#8221;mb-0 mt-5&#8243; label=&#8221;&#8221;][\/vc_column_inner][\/vc_row_inner][\/vc_column][\/vc_row][vc_row content_placement=&#8221;middle&#8221; disable_element=&#8221;yes&#8221; wrap_container=&#8221;yes&#8221; is_section=&#8221;yes&#8221; section_skin=&#8221;parallax&#8221; remove_margin_top=&#8221;yes&#8221; remove_border=&#8221;yes&#8221; css=&#8221;.vc_custom_1614793107617{background-color: #e5f6fb !important;}&#8221;][vc_column offset=&#8221;vc_col-md-3&#8243;][vc_custom_heading text=&#8221;Rellene el formulario y le llamamos&#8221; font_container=&#8221;tag:h2|font_size:25|text_align:left|line_height:32px&#8221; use_theme_fonts=&#8221;yes&#8221; font_weight=&#8221;600&#8243; animation_delay=&#8221;1000&#8243; animation_type=&#8221;fadeInLeft&#8221; [&hellip;]\" \/>\n<meta property=\"og:url\" content=\"https:\/\/platosvivaz.com\/en\/are-you-sure-the-targets-you-are-shooting-are-environmentally-friendly\/\" \/>\n<meta property=\"og:site_name\" content=\"Platos de tiro Vivaz\" \/>\n<meta property=\"article:modified_time\" content=\"2021-09-16T10:26:27+00:00\" \/>\n<meta name=\"twitter:card\" content=\"summary_large_image\" \/>\n<meta name=\"twitter:label1\" content=\"Est. reading time\" \/>\n\t<meta name=\"twitter:data1\" content=\"2 minutes\" \/>\n<script type=\"application\/ld+json\" class=\"yoast-schema-graph\">{\"@context\":\"https:\/\/schema.org\",\"@graph\":[{\"@type\":\"WebPage\",\"@id\":\"https:\/\/platosvivaz.com\/en\/are-you-sure-the-targets-you-are-shooting-are-environmentally-friendly\/\",\"url\":\"https:\/\/platosvivaz.com\/en\/are-you-sure-the-targets-you-are-shooting-are-environmentally-friendly\/\",\"name\":\"ARE YOU SURE THAT SHOOTING CLAY TARGET IS ENVIRONMENTALLY FRIENDLY? - Platos de tiro Vivaz\",\"isPartOf\":{\"@id\":\"https:\/\/platosvivaz.com\/#website\"},\"datePublished\":\"2021-09-16T09:32:31+00:00\",\"dateModified\":\"2021-09-16T10:26:27+00:00\",\"breadcrumb\":{\"@id\":\"https:\/\/platosvivaz.com\/en\/are-you-sure-the-targets-you-are-shooting-are-environmentally-friendly\/#breadcrumb\"},\"inLanguage\":\"en-US\",\"potentialAction\":[{\"@type\":\"ReadAction\",\"target\":[\"https:\/\/platosvivaz.com\/en\/are-you-sure-the-targets-you-are-shooting-are-environmentally-friendly\/\"]}]},{\"@type\":\"BreadcrumbList\",\"@id\":\"https:\/\/platosvivaz.com\/en\/are-you-sure-the-targets-you-are-shooting-are-environmentally-friendly\/#breadcrumb\",\"itemListElement\":[{\"@type\":\"ListItem\",\"position\":1,\"name\":\"Portada\",\"item\":\"https:\/\/platosvivaz.com\/en\/\"},{\"@type\":\"ListItem\",\"position\":2,\"name\":\"ARE YOU SURE THAT SHOOTING CLAY TARGET IS ENVIRONMENTALLY FRIENDLY?\"}]},{\"@type\":\"WebSite\",\"@id\":\"https:\/\/platosvivaz.com\/#website\",\"url\":\"https:\/\/platosvivaz.com\/\",\"name\":\"Platos de tiro Vivaz\",\"description\":\"Los platos de tiro ecol\u00f3gicos\",\"potentialAction\":[{\"@type\":\"SearchAction\",\"target\":{\"@type\":\"EntryPoint\",\"urlTemplate\":\"https:\/\/platosvivaz.com\/?s={search_term_string}\"},\"query-input\":{\"@type\":\"PropertyValueSpecification\",\"valueRequired\":true,\"valueName\":\"search_term_string\"}}],\"inLanguage\":\"en-US\"}]}<\/script>\n<!-- \/ Yoast SEO plugin. -->","yoast_head_json":{"title":"ARE YOU SURE THAT SHOOTING CLAY TARGET IS ENVIRONMENTALLY FRIENDLY? - Platos de tiro Vivaz","robots":{"index":"index","follow":"follow","max-snippet":"max-snippet:-1","max-image-preview":"max-image-preview:large","max-video-preview":"max-video-preview:-1"},"canonical":"https:\/\/platosvivaz.com\/en\/are-you-sure-the-targets-you-are-shooting-are-environmentally-friendly\/","og_locale":"en_US","og_type":"article","og_title":"ARE YOU SURE THAT SHOOTING CLAY TARGET IS ENVIRONMENTALLY FRIENDLY? - Platos de tiro Vivaz","og_description":"[vc_row content_placement=&#8221;middle&#8221; wrap_container=&#8221;yes&#8221; el_id=&#8221;inicio&#8221; css=&#8221;.vc_custom_1630233885115{padding-top: 70px !important;padding-bottom: 95px !important;}&#8221; el_class=&#8221;position-relative&#8221;][vc_column el_class=&#8221;position-static&#8221;][vc_row_inner el_class=&#8221;align-items-center&#8221;][vc_column_inner el_class=&#8221;pt-4 pt-lg-0 mt-5 mt-lg-0 mb-5 mb-lg-0&#8243; offset=&#8221;vc_col-md-6&#8243;][vc_single_image image=&#8221;386&#8243; img_size=&#8221;full&#8221; alignment=&#8221;center&#8221;][\/vc_column_inner][vc_column_inner animation_delay=&#8221;550&#8243; offset=&#8221;vc_col-md-6&#8243; animation_type=&#8221;fadeInLeft&#8221;][vc_single_image image=&#8221;1003&#8243; img_size=&#8221;full&#8221; floating_start_pos=&#8221;none&#8221; floating_speed=&#8221;8&#8243; floating_horizontal=&#8221;yes&#8221; el_class=&#8221;mb-0 mt-5&#8243; label=&#8221;&#8221;][\/vc_column_inner][\/vc_row_inner][\/vc_column][\/vc_row][vc_row content_placement=&#8221;middle&#8221; disable_element=&#8221;yes&#8221; wrap_container=&#8221;yes&#8221; is_section=&#8221;yes&#8221; section_skin=&#8221;parallax&#8221; remove_margin_top=&#8221;yes&#8221; remove_border=&#8221;yes&#8221; css=&#8221;.vc_custom_1614793107617{background-color: #e5f6fb !important;}&#8221;][vc_column offset=&#8221;vc_col-md-3&#8243;][vc_custom_heading text=&#8221;Rellene el formulario y le llamamos&#8221; font_container=&#8221;tag:h2|font_size:25|text_align:left|line_height:32px&#8221; use_theme_fonts=&#8221;yes&#8221; font_weight=&#8221;600&#8243; animation_delay=&#8221;1000&#8243; animation_type=&#8221;fadeInLeft&#8221; [&hellip;]","og_url":"https:\/\/platosvivaz.com\/en\/are-you-sure-the-targets-you-are-shooting-are-environmentally-friendly\/","og_site_name":"Platos de tiro Vivaz","article_modified_time":"2021-09-16T10:26:27+00:00","twitter_card":"summary_large_image","twitter_misc":{"Est. reading time":"2 minutes"},"schema":{"@context":"https:\/\/schema.org","@graph":[{"@type":"WebPage","@id":"https:\/\/platosvivaz.com\/en\/are-you-sure-the-targets-you-are-shooting-are-environmentally-friendly\/","url":"https:\/\/platosvivaz.com\/en\/are-you-sure-the-targets-you-are-shooting-are-environmentally-friendly\/","name":"ARE YOU SURE THAT SHOOTING CLAY TARGET IS ENVIRONMENTALLY FRIENDLY? - Platos de tiro Vivaz","isPartOf":{"@id":"https:\/\/platosvivaz.com\/#website"},"datePublished":"2021-09-16T09:32:31+00:00","dateModified":"2021-09-16T10:26:27+00:00","breadcrumb":{"@id":"https:\/\/platosvivaz.com\/en\/are-you-sure-the-targets-you-are-shooting-are-environmentally-friendly\/#breadcrumb"},"inLanguage":"en-US","potentialAction":[{"@type":"ReadAction","target":["https:\/\/platosvivaz.com\/en\/are-you-sure-the-targets-you-are-shooting-are-environmentally-friendly\/"]}]},{"@type":"BreadcrumbList","@id":"https:\/\/platosvivaz.com\/en\/are-you-sure-the-targets-you-are-shooting-are-environmentally-friendly\/#breadcrumb","itemListElement":[{"@type":"ListItem","position":1,"name":"Portada","item":"https:\/\/platosvivaz.com\/en\/"},{"@type":"ListItem","position":2,"name":"ARE YOU SURE THAT SHOOTING CLAY TARGET IS ENVIRONMENTALLY FRIENDLY?"}]},{"@type":"WebSite","@id":"https:\/\/platosvivaz.com\/#website","url":"https:\/\/platosvivaz.com\/","name":"Platos de tiro Vivaz","description":"Los platos de tiro ecol\u00f3gicos","potentialAction":[{"@type":"SearchAction","target":{"@type":"EntryPoint","urlTemplate":"https:\/\/platosvivaz.com\/?s={search_term_string}"},"query-input":{"@type":"PropertyValueSpecification","valueRequired":true,"valueName":"search_term_string"}}],"inLanguage":"en-US"}]}},"_links":{"self":[{"href":"https:\/\/platosvivaz.com\/en\/wp-json\/wp\/v2\/pages\/998","targetHints":{"allow":["GET"]}}],"collection":[{"href":"https:\/\/platosvivaz.com\/en\/wp-json\/wp\/v2\/pages"}],"about":[{"href":"https:\/\/platosvivaz.com\/en\/wp-json\/wp\/v2\/types\/page"}],"author":[{"embeddable":true,"href":"https:\/\/platosvivaz.com\/en\/wp-json\/wp\/v2\/users\/1"}],"replies":[{"embeddable":true,"href":"https:\/\/platosvivaz.com\/en\/wp-json\/wp\/v2\/comments?post=998"}],"version-history":[{"count":5,"href":"https:\/\/platosvivaz.com\/en\/wp-json\/wp\/v2\/pages\/998\/revisions"}],"predecessor-version":[{"id":1007,"href":"https:\/\/platosvivaz.com\/en\/wp-json\/wp\/v2\/pages\/998\/revisions\/1007"}],"wp:attachment":[{"href":"https:\/\/platosvivaz.com\/en\/wp-json\/wp\/v2\/media?parent=998"}],"curies":[{"name":"wp","href":"https:\/\/api.w.org\/{rel}","templated":true}]}}